{"id":60,"date":"2021-09-09T00:33:06","date_gmt":"2021-09-09T00:33:06","guid":{"rendered":"https:\/\/acelclean.com\/index.php\/about\/"},"modified":"2021-09-12T18:59:16","modified_gmt":"2021-09-12T18:59:16","slug":"about","status":"publish","type":"page","link":"https:\/\/acelclean.com\/index.php\/about\/","title":{"rendered":"About"},"content":{"rendered":"\n\n\nSobre Nosotros\n\n\n\n\n\n\n\n\n\n\n\n\n\n\nLIMPIEZA Y MANTENIMIENTO INTEGRAL\nACEL CLEAN\n\n<p style=\"font-size: 14px;\">Nuestra misi\u00f3n es ser una organizaci\u00f3n l\u00edder en el mercado y consolidarnos por la excelencia y calidad de nuestros servicios de limpiezas y mantenimientos integrales.\n\n<\/p>\n<p style=\"font-size: 14px;\">Contamos con personal especializado y capacitado en cada uno de nuestros servicios. Adem\u00e1s contamos con maquinaria de tecnolog\u00eda moderna, de esta manera brindarle un servicio r\u00e1pido y muy eficiente dirigido hacia el sector p\u00fablico tambi\u00e9n el privado dentro y fuera de la ciudad.\n\n<\/p>\n<p style=\"font-size: 14px;\">Comprometidos a satisfacer las necesidades de cada uno de nuestros clientes, utilizando los productos de primera calidad en las diferentes \u00e1reas que nuestra empresa desarrolla..\n\n<\/p>\n\n\n\n\n\n\n<p><font color=\"#ffffff\"><span style=\"font-size: 14px;\">Ofrecer diferentes tipo de soluciones y servicios personalizado para cada cliente, as\u00ed brindar servicio r\u00e1pido y eficiente en cada una de nuestras diferentes \u00e1reas.<\/span><\/font><\/p>\n\n\n<p><font color=\"#ffffff\"><span style=\"font-size: 14px;\">Ampliar nuestra cobertura tanto en hogares y empresas de esta manera obtener un reconocimiento por satisfacer necesidades y mejorar  la calidad de vida.<\/span><\/font><\/p>\n\n\n<p><font color=\"#ffffff\"><span style=\"font-size: 14px;\"> Conseguir la satisfacci\u00f3n del cliente con una calidad. Extensa gama de servicios de mantenimiento, cuidar y proteger la inversi\u00f3n de nuestros clientes.<\/span><\/font><\/p>\n\n\n\n\n","protected":false},"excerpt":{"rendered":"","protected":false},"author":1,"featured_media":0,"parent":0,"menu_order":0,"comment_status":"closed","ping_status":"closed","template":"","meta":{"om_disable_all_campaigns":false,"_monsterinsights_skip_tracking":false,"_monsterinsights_sitenote_active":false,"_monsterinsights_sitenote_note":"","_monsterinsights_sitenote_category":0,"_joinchat":[],"footnotes":""},"class_list":["post-60","page","type-page","status-publish","hentry"],"aioseo_notices":[],"_links":{"self":[{"href":"https:\/\/acelclean.com\/index.php\/wp-json\/wp\/v2\/pages\/60","targetHints":{"allow":["GET"]}}],"collection":[{"href":"https:\/\/acelclean.com\/index.php\/wp-json\/wp\/v2\/pages"}],"about":[{"href":"https:\/\/acelclean.com\/index.php\/wp-json\/wp\/v2\/types\/page"}],"author":[{"embeddable":true,"href":"https:\/\/acelclean.com\/index.php\/wp-json\/wp\/v2\/users\/1"}],"replies":[{"embeddable":true,"href":"https:\/\/acelclean.com\/index.php\/wp-json\/wp\/v2\/comments?post=60"}],"version-history":[{"count":5,"href":"https:\/\/acelclean.com\/index.php\/wp-json\/wp\/v2\/pages\/60\/revisions"}],"predecessor-version":[{"id":207,"href":"https:\/\/acelclean.com\/index.php\/wp-json\/wp\/v2\/pages\/60\/revisions\/207"}],"wp:attachment":[{"href":"https:\/\/acelclean.com\/index.php\/wp-json\/wp\/v2\/media?parent=60"}],"curies":[{"name":"wp","href":"https:\/\/api.w.org\/{rel}","templated":true}]}}