{"id":61,"date":"2021-09-09T00:33:06","date_gmt":"2021-09-09T00:33:06","guid":{"rendered":"https:\/\/acelclean.com\/index.php\/home\/"},"modified":"2021-09-12T01:32:43","modified_gmt":"2021-09-12T01:32:43","slug":"home","status":"publish","type":"page","link":"https:\/\/acelclean.com\/","title":{"rendered":"ACEL CLEAN \u2013 Limpieza y Mantenimiento Integral"},"content":{"rendered":"\n\n\nNuestros servicios&nbsp;\n\n\n\n\n<h2>Limpieza De Vidrios<\/h2>\n<p style=\"text-align: center; \">Ofrecemos el servicio de limpieza de vidrios en Quito y Ecuador con personal calificado para la industria, oficina y domicilios.<\/p>\n\nReserva tu servicio\n\n\n\n\n<h2>Limpieza De Cisternas<\/h2>\n<p style=\"text-align: center; \">Lavado de cisternas para casas, edificios con personal profesional y material de limpieza de calidad para el aseo de cisternas en Ecuador.<\/p>\n\nReserva tu servicio\n\n\n\n\n<h2>Limpieza De Alfombras<\/h2>\n<p style=\"text-align: center; \">Limpieza de alfombras a domicilio, todos nuestros productos son de alta calidad, Por lo que no da\u00f1an tus alfombras. .<\/p>\n\nReserva tu servicio\n\n\n\n\n\n\n<h2>Lavado De Muebles<\/h2>\n<p style=\"text-align: center; \">Trabajamos con. productos Biodegradables por lo que no lastiman las fibras ni las decoloran no son t\u00f3xicos. Eliminamos Malos Olores.<\/p>\n\nReserva tu servicio\n\n\n\n\n<h2>Lavado De Colchones<\/h2>\n<p style=\"text-align: center; \">Descontaminamos y eliminamos las manchas, fluidos y los microorganismos. Elimina \u00e1caros, moho, virus, bacterias, malos olores y manchas. <\/p>\n\nReserva tu servicio\n\n\n\n\n<h2>Lavado de sillas<\/h2>\n<p style=\"text-align: center; \">Lavado de Salas, Sillones y Sillas. Utilizamos m\u00e1quinas tipo industrial para brindar una Limpieza Profunda y no nada m\u00e1s superficial.<\/p>\n\nReserva tu servicio\n\n\n\n\n\n\n<h2>Lavado De Cortinas<\/h2>\n<p style=\"text-align: center; \">Es recomendable lavar regularmente las cortinas para su buen cuidado y mantenimiento. Con el servicio de lavado de cortinas y persianas.<\/p>\n\nReserva tu servicio\n\n\n\n\n<h2>Lavado De Persianas<\/h2>\n<p style=\"text-align: center; \"> Contamos con la mejor tecnolog\u00eda y eficiencia a nivel mundial para el lavado de persianas, lo que nos permite limpiar sin da\u00f1ar telas, <\/p>\n\nReserva tu servicio\n\n\n\n\n<h2>Pintura interior Y Exterior.<\/h2>\n<p style=\"text-align: center; \"> Mantenimiento de Pintura Interior y Exterior, pintores que revisan fisuras, grietas, goteras o da\u00f1os de las fachadas.<\/p>\n\nReserva tu servicio\n\n\n\n\n\n\n\nUNA LIMPIEZA INTEGRAL\n\n<p style=\"text-align: center; font-size: 14px;\">Contamos con tecnolog\u00eda de punta, equipos de vapor, protocolos qu\u00edmicos y materia prima capaz de eliminar todo tipo de manchas, \u00e1caros, residuos y agentes alerg\u00e9nicos con personal altamente capacitado. Nos avalan muchos a\u00f1os de experiencia en el mercado de la limpieza. nuestras fotos (reales) hablan por s\u00ed solas.\u00a0<\/p>\n\n\n\n\n\nTrabajo realizado\n\n\n\n\n\n\n\n\n\n\n\n\n\n\n\n\n\n\n\n\n\n\n\n\n\n\n\n\n\n\n\n\n\n\n\n\n\n\n\n\n\n\n\n\n\n\n\n\n\n\n\n\n\n\n\n\n\n\n\n","protected":false},"excerpt":{"rendered":"","protected":false},"author":1,"featured_media":0,"parent":0,"menu_order":0,"comment_status":"closed","ping_status":"closed","template":"","meta":{"om_disable_all_campaigns":false,"_monsterinsights_skip_tracking":false,"_monsterinsights_sitenote_active":false,"_monsterinsights_sitenote_note":"","_monsterinsights_sitenote_category":0,"_joinchat":[],"footnotes":""},"class_list":["post-61","page","type-page","status-publish","hentry"],"aioseo_notices":[],"_links":{"self":[{"href":"https:\/\/acelclean.com\/index.php\/wp-json\/wp\/v2\/pages\/61","targetHints":{"allow":["GET"]}}],"collection":[{"href":"https:\/\/acelclean.com\/index.php\/wp-json\/wp\/v2\/pages"}],"about":[{"href":"https:\/\/acelclean.com\/index.php\/wp-json\/wp\/v2\/types\/page"}],"author":[{"embeddable":true,"href":"https:\/\/acelclean.com\/index.php\/wp-json\/wp\/v2\/users\/1"}],"replies":[{"embeddable":true,"href":"https:\/\/acelclean.com\/index.php\/wp-json\/wp\/v2\/comments?post=61"}],"version-history":[{"count":26,"href":"https:\/\/acelclean.com\/index.php\/wp-json\/wp\/v2\/pages\/61\/revisions"}],"predecessor-version":[{"id":194,"href":"https:\/\/acelclean.com\/index.php\/wp-json\/wp\/v2\/pages\/61\/revisions\/194"}],"wp:attachment":[{"href":"https:\/\/acelclean.com\/index.php\/wp-json\/wp\/v2\/media?parent=61"}],"curies":[{"name":"wp","href":"https:\/\/api.w.org\/{rel}","templated":true}]}}